{"id":230,"date":"2018-04-13T11:03:51","date_gmt":"2018-04-13T04:03:51","guid":{"rendered":"http:\/\/sonquocte.com.vn\/?post_type=product&#038;p=230"},"modified":"2018-04-13T12:13:52","modified_gmt":"2018-04-13T05:13:52","slug":"son-vcolor-10-1","status":"publish","type":"product","link":"https:\/\/c437-sonquocte.com-vn.net\/?product=son-vcolor-10-1","title":{"rendered":"S\u01a1n Vcolor 10.1"},"content":{"rendered":"<div>\n<p>L\u00e0 lo\u1ea1i \u00a0S\u01a1n n\u1ed9i th\u1ea5t cao c\u1ea5p \u0111em \u0111\u1ebfn v\u1ebb \u0111\u1eb9p hi\u1ec7n \u0111\u1ea1i, tinh t\u1ebf cho ng\u00f4i nh\u00e0 c\u1ee7a b\u1ea1n nh\u1edd m\u00e0ng s\u01a1n b\u00f3ng m\u1edd sang tr\u1ecdng. V\u1ebb \u0111\u1eb9p \u0111\u00f3 \u0111\u01b0\u1ee3c g\u00ecn gi\u1eef m\u00e3i theo n\u0103m th\u00e1ng nh\u1edd 5 t\u00ednh n\u0103ng b\u1ea3o v\u1ec7 t\u1ed1i \u01b0u gi\u00fap:<\/p>\n<ul>\n<li>Ng\u0103n ng\u1eeba vi khu\u1ea9n<\/li>\n<li>Ch\u1ecbu ch\u00f9i r\u1eeda t\u1ed1i \u0111a<\/li>\n<li>\u00a0M\u1eb7t s\u01a1n nh\u1eb5n m\u1ecbn<\/li>\n<li>Ch\u1ed1ng n\u1ea5m m\u1ed1c<\/li>\n<li>Che l\u1ea5p khe n\u1ee9t nh\u1ecf<\/li>\n<\/ul>\n<p>V\u1edbi nh\u1eefng t\u00ednh n\u0103ng \u01b0u vi\u1ec7t tr\u00ean, Vcolor V10.1 \u0111em \u0111\u1ebfn gi\u1ea3i ph\u00e1p to\u00e0n di\u1ec7n v\u1ec1 trang tr\u00ed v\u00e0 b\u1ea3o v\u1ec7 \u0111\u1ed3ng th\u1eddi l\u00e0m t\u0103ng gi\u00e1 tr\u1ecb ng\u00f4i nh\u00e0 y\u00eau qu\u00fd c\u1ee7a b\u1ea1n.<\/p>\n<p><strong>Th\u00e0nh ph\u1ea7n c\u1ea5u t\u1ea1o<\/strong><\/p>\n<\/div>\n<div>\n<div>N\u01b0\u1edbc, b\u1ed9t kho\u00e1ng, ch\u1ea5t b\u1ec1n m\u00e0u kh\u00f4ng ch\u1ee9a ch\u00ec v\u00e0 nh\u1ef1a g\u1ed1c Acrylic.<\/div>\n<div><strong>Ch\u1ec9 ti\u00eau ch\u1ea5t l\u01b0\u1ee3ng<\/strong><\/div>\n<div>\u0110\u1ed9 ph\u1ee7 l\u00fd thuy\u1ebft: 13 \u2013 16 m2\/l\u00edt\/l\u1edbp<\/div>\n<\/div>\n","protected":false},"excerpt":{"rendered":"<p>L\u00e0 lo\u1ea1i \u00a0S\u01a1n n\u1ed9i th\u1ea5t cao c\u1ea5p \u0111em \u0111\u1ebfn v\u1ebb \u0111\u1eb9p hi\u1ec7n \u0111\u1ea1i, tinh t\u1ebf cho ng\u00f4i nh\u00e0 c\u1ee7a b\u1ea1n nh\u1edd m\u00e0ng s\u01a1n b\u00f3ng m\u1edd sang tr\u1ecdng. V\u1ebb \u0111\u1eb9p \u0111\u00f3 \u0111\u01b0\u1ee3c g\u00ecn gi\u1eef m\u00e3i theo n\u0103m th\u00e1ng nh\u1edd 5 t\u00ednh n\u0103ng b\u1ea3o v\u1ec7 t\u1ed1i \u01b0u gi\u00fap: Ng\u0103n ng\u1eeba vi khu\u1ea9n, Ch\u1ecbu ch\u00f9i r\u1eeda t\u1ed1i \u0111a, M\u1eb7t s\u01a1n nh\u1eb5n m\u1ecbn, Ch\u1ed1ng n\u1ea5m m\u1ed1c, Che l\u1ea5p khe n\u1ee9t nh\u1ecf<\/p>\n","protected":false},"featured_media":231,"comment_status":"open","ping_status":"closed","template":"","meta":[],"_links":{"self":[{"href":"https:\/\/c437-sonquocte.com-vn.net\/index.php?rest_route=\/wp\/v2\/product\/230"}],"collection":[{"href":"https:\/\/c437-sonquocte.com-vn.net\/index.php?rest_route=\/wp\/v2\/product"}],"about":[{"href":"https:\/\/c437-sonquocte.com-vn.net\/index.php?rest_route=\/wp\/v2\/types\/product"}],"replies":[{"embeddable":true,"href":"https:\/\/c437-sonquocte.com-vn.net\/index.php?rest_route=%2Fwp%2Fv2%2Fcomments&post=230"}],"wp:featuredmedia":[{"embeddable":true,"href":"https:\/\/c437-sonquocte.com-vn.net\/index.php?rest_route=\/wp\/v2\/media\/231"}],"wp:attachment":[{"href":"https:\/\/c437-sonquocte.com-vn.net\/index.php?rest_route=%2Fwp%2Fv2%2Fmedia&parent=230"}],"curies":[{"name":"wp","href":"https:\/\/api.w.org\/{rel}","templated":true}]}}