{"id":2,"date":"2017-06-15T04:20:37","date_gmt":"2017-06-15T04:20:37","guid":{"rendered":"http:\/\/raothue.ddns.net\/demo\/rt-core\/?page_id=2"},"modified":"2018-04-13T10:57:21","modified_gmt":"2018-04-13T03:57:21","slug":"gioi-thieu","status":"publish","type":"page","link":"https:\/\/c437-sonquocte.com-vn.net\/?page_id=2","title":{"rendered":"Gi\u1edbi thi\u1ec7u"},"content":{"rendered":"<p><strong>C\u00f4ng ty C\u1ed5 ph\u1ea7n \u0111\u1ea7u t\u01b0 qu\u1ed1c t\u1ebf Tokyo<\/strong> ch\u00fang t\u00f4i x\u00e1c \u0111\u1ecbnh Vi\u1ec7t Nam l\u00e0 th\u1ecb tr\u01b0\u1eddng gi\u00e0u ti\u1ec1m n\u0103ng v\u00e0 l\u00e0 n\u1ec1n t\u1ea3ng \u0111\u1ec3 ph\u00e1t tri\u1ec3n m\u1eb7t h\u00e0ng s\u01a1n n\u01b0\u1edbc. Trong n\u0103m 2016, <strong>C\u00f4ng ty C\u1ed5 ph\u1ea7n \u0111\u1ea7u t\u01b0 qu\u1ed1c t\u1ebf Tokyo<\/strong> \u0111\u00e3 \u0111\u1ea7u t\u01b0 d\u00e2y chuy\u1ec1n c\u00f4ng ngh\u1ec7 hi\u1ec7n \u0111\u1ea1i v\u1edbi c\u00f4ng su\u1ea5t s\u1ea3n xu\u1ea5t 2 tri\u1ec7u l\u00edt s\u01a1n v\u00e0 h\u00e0ng ng\u00e0n t\u1ea5n b\u1ed9t tr\u00e9t trong n\u0103m, kinh ph\u00ed \u0111\u1ea7u t\u01b0 tr\u00ean 2tri\u1ec7u USD t\u1ea1i Khu C\u00f4ng Nghi\u1ec7p Bi\u00ean Giang, H\u00e0 N\u1ed9i \u0111\u00e2y l\u00e0 m\u1ed9t trong nh\u1eefng nh\u00e0 m\u00e1y s\u1ea3n xu\u1ea5t s\u01a1n l\u1edbn nh\u1ea5t Vi\u1ec7t Nam hi\u1ec7n nay.<\/p>\n<p>V\u1ec1 nguy\u00ean li\u1ec7u s\u1ea3n xu\u1ea5t, \u00e1p d\u1ee5ng nguy\u00ean t\u1eafc ki\u1ec3m tra \u0111\u1ea7u v\u00e0o nghi\u00eam ng\u1eb7t, h\u1ea7u h\u1ebft nguy\u00ean li\u1ec7u s\u1ea3n xu\u1ea5t \u00a0<strong>h\u00e3ng<\/strong>\u00a0<strong>s\u01a1n Akova -s v\u00e0 Vcolor<\/strong>\u00a0nh\u1eadp kh\u1ea9u t\u1eeb nh\u1eefng t\u1eadp \u0111o\u00e0n h\u00f3a ch\u1ea5t n\u1ed5i ti\u1ebfng nh\u01b0: Degussa (M\u1ef9), Eliokem (Ph\u00e1p), Dow Chemical (M\u1ef9), Rohm &amp; Hass (M\u1ef9), Cray Valley (Maylaysia), Nuplex (Australia)\u2026<\/p>\n<p>V\u1ec1 m\u1eb7t k\u1ef9 thu\u1eadt, v\u1edbi d\u00e2y chuy\u1ec1n c\u00f4ng ngh\u1ec7 hi\u1ec7n \u0111\u1ea1i c\u00f9ng \u0111\u1ed9i ng\u0169 chuy\u00ean gia k\u1ef9 thu\u1eadt gi\u00e0u kinh nghi\u1ec7m ti\u1ebfn h\u00e0nh nghi\u00ean c\u1ee9u, ph\u00e1t tri\u1ec3n s\u1ea3n ph\u1ea9m, song song \u0111\u00f3 c\u00f4ng ty \u0111\u00e3 ti\u1ebfn h\u00e0nh h\u1ee3p t\u00e1c k\u1ef9 thu\u1eadt, mua c\u00e1c ph\u00e1t minh m\u1edbi t\u1eeb n\u01b0\u1edbc ngo\u00e0i, ch\u1ee7 y\u1ebfu l\u00e0 Nh\u1eadt v\u00e0 ch\u00e2u \u00c1 k\u1ebft h\u1ee3p v\u1edbi nghi\u00ean c\u1ee9u, c\u1ea3i ti\u1ebfn nh\u1eb1m \u0111\u01b0a ra s\u1ea3n ph\u1ea9m ch\u1ea5t l\u01b0\u1ee3ng cao, ph\u00f9 h\u1ee3p v\u1edbi m\u00f4i tr\u01b0\u1eddng kh\u00ed h\u1eadu Vi\u1ec7t Nam.<\/p>\n<p>H\u01a1n n\u1eefa, vi\u1ec7c t\u00edch h\u1ee3p h\u1ec7 th\u1ed1ng qu\u1ea3n l\u00fd m\u00f4i tr\u01b0\u1eddng theo ti\u00eau chu\u1ea9n ISO 14001:2004, v\u00e0 h\u1ec7 th\u1ed1ng qu\u1ea3n l\u00fd ch\u1ea5t l\u01b0\u1ee3ng theo ti\u00eau chu\u1ea9n ISO 9001:2015, \u0111\u01b0\u1ee3c c\u00f4ng nh\u1eadn b\u1edfi T\u1ed5 ch\u1ee9c c\u1ee7a Nh\u1eadt, \u0111\u00e3 kh\u1eb3ng \u0111\u1ecbnh r\u1eb1ng <strong>C\u00f4ng ty C\u1ed5 ph\u1ea7n \u0111\u1ea7u t\u01b0 qu\u1ed1c t\u1ebf Tokyo<\/strong> \u00a0\u0111\u00e3 \u0111\u1ec1 ra ch\u00ednh s\u00e1ch ph\u00f9 h\u1ee3p v\u00e0 c\u0169ng \u0111\u1ecbnh h\u01b0\u1edbng cho vi\u1ec7c c\u1ea3i ti\u1ebfn li\u00ean t\u1ee5c c\u00e1c s\u1ea3n ph\u1ea9m, \u0111\u00e1p \u1ee9ng nhu c\u1ea7u c\u00e0ng cao v\u1ec1 s\u1ea3n ph\u1ea9m s\u01a1n trang tr\u00ed c\u1ee7a th\u1ecb tr\u01b0\u1eddng trong n\u01b0\u1edbc.<\/p>\n<p>Ch\u00ednh v\u00ec th\u1ebf, \u00a0<strong>h\u00e3ng<\/strong>\u00a0<strong>s\u01a1n Akova -s v\u00e0 Vcolor<\/strong><strong>\u00a0<\/strong>do <strong>C\u00f4ng ty C\u1ed5 ph\u1ea7n \u0111\u1ea7u t\u01b0 qu\u1ed1c t\u1ebf Tokyo<\/strong> <strong>\u00a0<\/strong>s\u1ea3n xu\u1ea5t lu\u00f4n \u0111\u01b0\u1ee3c gi\u1edbi chuy\u00ean m\u00f4n, ki\u1ebfn tr\u00fac s\u01b0, k\u1ef9 s\u01b0, th\u1ea7u th\u1ee3 chuy\u00ean nghi\u1ec7p s\u1eed d\u1ee5ng v\u00e0 \u0111\u00e1nh gi\u00e1 cao. Ngo\u00e0i ra C\u00f4ng\u00a0ty\u00a0 \u0111\u00e3 v\u00e0 \u0111ang r\u1ea5t th\u00e0nh c\u00f4ng v\u00e0\u00a0\u0111\u1ea7u t\u01b0 ph\u00e1t tri\u1ec3n trong vi\u1ec7c tham gia \u0111\u1ea5u th\u1ea7u thi c\u00f4ng v\u00e0 cung c\u1ea5p v\u1eadt li\u1ec7u cho c\u00e1c d\u1ef1 \u00e1n l\u1edbn trong c\u1ea3 n\u01b0\u1edbc.<br \/>\n<strong>C\u00f4ng ty C\u1ed5 ph\u1ea7n \u0111\u1ea7u t\u01b0 qu\u1ed1c t\u1ebf Tokyo<\/strong> lu\u00f4n ph\u1ea5n \u0111\u1ea5u l\u00e0 \u0111\u1ecba ch\u1ec9 \u0111\u00e1ng tin c\u1eady c\u1ee7a c\u00e1c nh\u00e0 th\u1ea7u x\u00e2y d\u1ef1ng t\u1ea1i Vi\u1ec7t Nam v\u00e0 mong mu\u1ed1n nh\u1eadn \u0111\u01b0\u1ee3c s\u1ef1 h\u1ee3p t\u00e1c c\u1ee7a b\u1ea1n h\u00e0ng trong n\u01b0\u1edbc v\u00e0 qu\u1ed1c t\u1ebf.<\/p>\n<p>Tr\u00e2n tr\u1ecdng c\u1ea3m \u01a1n<\/p>\n<p><span style=\"color: #ffffff;\">C\u00f4ng ty C\u1ed5 ph\u1ea7n \u0111\u1ea7u t\u01b0 qu\u1ed1c t\u1ebf Tokyo<\/span><\/p>\n<h4><span style=\"font-size: 12pt; color: #ffffff;\">Office:T\u00f2a Nh\u00e0 Winpro 96 Ph\u1ed1 Ba La,, Ph\u00fa L\u00e3m, H\u00e0 \u0110\u00f4ng, H\u00e0 N\u1ed9i \u00a0MobiPhone : 0977605039\u00a0<\/span><\/h4>\n<h4><span style=\"font-size: 12pt; color: #ffffff;\"><span lang=\"en\">Factory :<\/span>Nh\u00e0 m\u00e1y mi\u1ec1n B\u1eafc : KCN Bi\u00ean Giang, Y\u00eanTh\u00e0nh, qu\u1eadn H\u00e0 \u0110\u00f4ng, H\u00e0 N\u1ed9i\u00a0\u00a0,MobiPhone : 043 353 1818<\/span><\/h4>\n<h4><span style=\"font-size: 12pt; color: #ffffff;\">Nh\u00e0 m\u00e1y mi\u1ec1n Trung : KCN L\u00f4 B2.23.91, K\u0110T Ph\u01b0\u1edbc L\u00fd, qu\u1eadn Li\u00ean Chi\u1ec3u, \u0110\u00e0 N\u1eb5ng ,\u00a0MobiPhone: 0511 364 6345<\/span><\/h4>\n<h4><span style=\"font-size: 12pt; color: #ffffff;\">Nh\u00e0 m\u00e1y mi\u1ec1n Nam : KCN s\u1ed1 51, \u0111\u01b0\u1eddng TX31, ph\u01b0\u1eddng Th\u1ea1nh Xu\u00e2n, qu\u1eadn 12, H\u1ed3 Ch\u00ed Minh \u00a0MobiPhone\u00a0: 086 274 6419<\/span><\/h4>\n<h4><span style=\"font-size: 12pt; color: #ffffff;\">Mobile: 0975.577.666 &#8211; 08683.22238<\/span><\/h4>\n<h4><i class=\"fa fa-windows\"><\/i><span style=\"color: #ffffff;\">Website: sonquocte.com.vn<\/span><\/h4>\n","protected":false},"excerpt":{"rendered":"<p>C\u00f4ng ty C\u1ed5 ph\u1ea7n \u0111\u1ea7u t\u01b0 qu\u1ed1c t\u1ebf Tokyo ch\u00fang t\u00f4i x\u00e1c \u0111\u1ecbnh Vi\u1ec7t Nam l\u00e0 th\u1ecb tr\u01b0\u1eddng gi\u00e0u ti\u1ec1m &hellip; <a class=\"link-more\" href=\"https:\/\/c437-sonquocte.com-vn.net\/?page_id=2\" class=\"more-link\">\u0110\u1ecdc th\u00eam &raquo;<span class=\"screen-reader-text\"> &#8220;Gi\u1edbi thi\u1ec7u&#8221;<\/span><\/a><\/p>\n","protected":false},"author":1,"featured_media":0,"parent":0,"menu_order":0,"comment_status":"closed","ping_status":"open","template":"","meta":[],"_links":{"self":[{"href":"https:\/\/c437-sonquocte.com-vn.net\/index.php?rest_route=\/wp\/v2\/pages\/2"}],"collection":[{"href":"https:\/\/c437-sonquocte.com-vn.net\/index.php?rest_route=\/wp\/v2\/pages"}],"about":[{"href":"https:\/\/c437-sonquocte.com-vn.net\/index.php?rest_route=\/wp\/v2\/types\/page"}],"author":[{"embeddable":true,"href":"https:\/\/c437-sonquocte.com-vn.net\/index.php?rest_route=\/wp\/v2\/users\/1"}],"replies":[{"embeddable":true,"href":"https:\/\/c437-sonquocte.com-vn.net\/index.php?rest_route=%2Fwp%2Fv2%2Fcomments&post=2"}],"version-history":[{"count":2,"href":"https:\/\/c437-sonquocte.com-vn.net\/index.php?rest_route=\/wp\/v2\/pages\/2\/revisions"}],"predecessor-version":[{"id":229,"href":"https:\/\/c437-sonquocte.com-vn.net\/index.php?rest_route=\/wp\/v2\/pages\/2\/revisions\/229"}],"wp:attachment":[{"href":"https:\/\/c437-sonquocte.com-vn.net\/index.php?rest_route=%2Fwp%2Fv2%2Fmedia&parent=2"}],"curies":[{"name":"wp","href":"https:\/\/api.w.org\/{rel}","templated":true}]}}