{"id":15,"date":"2017-06-15T06:35:55","date_gmt":"2017-06-15T06:35:55","guid":{"rendered":"http:\/\/raothue.ddns.net\/demo\/rt-core\/?page_id=15"},"modified":"2018-04-12T15:27:36","modified_gmt":"2018-04-12T08:27:36","slug":"lien-he","status":"publish","type":"page","link":"https:\/\/c437-sonquocte.com-vn.net\/?page_id=15","title":{"rendered":"Li\u00ean h\u1ec7"},"content":{"rendered":"<p><i class=\"fa fa-home\"><\/i>\u00a0C\u00f4ng ty CP truy\u1ec1n th\u00f4ng &amp; c\u00f4ng ngh\u1ec7 Rao Thu\u00ea<\/p>\n<p><i class=\"fa fa-map-marker\"><\/i>\u00a0\u0110\u1ecba ch\u1ec9: 34 C\u00f9 Ch\u00ednh Lan, Thanh Xu\u00e2n, HN ( g\u1ea7n Ng\u00e3 T\u01b0 S\u1edf )<\/p>\n<p><i class=\"fa fa-phone-square\"><\/i>\u00a0\u0110i\u1ec7n tho\u1ea1i : 0974.80.80.80 \u2013 0934.600.400<\/p>\n<p><i class=\"fa fa-phone\"><\/i>\u00a0T\u01b0 v\u1ea5n mi\u1ec5n ph\u00ed QC google vs t\u1ed1i \u01b0u web : 0986070202<\/p>\n<p><i class=\"fa fa-envelope-o\"><\/i>\u00a0Email : web@raothue.com \u2013 cskh@raothue.com<\/p>\n<p><i class=\"fa fa-globe\"><\/i>\u00a0Website : www.raothue.com<\/p>\n","protected":false},"excerpt":{"rendered":"<p>\u00a0C\u00f4ng ty CP truy\u1ec1n th\u00f4ng &amp; c\u00f4ng ngh\u1ec7 Rao Thu\u00ea \u00a0\u0110\u1ecba ch\u1ec9: 34 C\u00f9 Ch\u00ednh Lan, Thanh Xu\u00e2n, HN ( &hellip; <a class=\"link-more\" href=\"https:\/\/c437-sonquocte.com-vn.net\/?page_id=15\" class=\"more-link\">\u0110\u1ecdc th\u00eam &raquo;<span class=\"screen-reader-text\"> &#8220;Li\u00ean h\u1ec7&#8221;<\/span><\/a><\/p>\n","protected":false},"author":1,"featured_media":0,"parent":0,"menu_order":0,"comment_status":"closed","ping_status":"closed","template":"rt-contact.php","meta":[],"_links":{"self":[{"href":"https:\/\/c437-sonquocte.com-vn.net\/index.php?rest_route=\/wp\/v2\/pages\/15"}],"collection":[{"href":"https:\/\/c437-sonquocte.com-vn.net\/index.php?rest_route=\/wp\/v2\/pages"}],"about":[{"href":"https:\/\/c437-sonquocte.com-vn.net\/index.php?rest_route=\/wp\/v2\/types\/page"}],"author":[{"embeddable":true,"href":"https:\/\/c437-sonquocte.com-vn.net\/index.php?rest_route=\/wp\/v2\/users\/1"}],"replies":[{"embeddable":true,"href":"https:\/\/c437-sonquocte.com-vn.net\/index.php?rest_route=%2Fwp%2Fv2%2Fcomments&post=15"}],"version-history":[{"count":1,"href":"https:\/\/c437-sonquocte.com-vn.net\/index.php?rest_route=\/wp\/v2\/pages\/15\/revisions"}],"predecessor-version":[{"id":191,"href":"https:\/\/c437-sonquocte.com-vn.net\/index.php?rest_route=\/wp\/v2\/pages\/15\/revisions\/191"}],"wp:attachment":[{"href":"https:\/\/c437-sonquocte.com-vn.net\/index.php?rest_route=%2Fwp%2Fv2%2Fmedia&parent=15"}],"curies":[{"name":"wp","href":"https:\/\/api.w.org\/{rel}","templated":true}]}}